{"id":1148,"date":"2019-01-17T21:05:22","date_gmt":"2019-01-17T20:05:22","guid":{"rendered":"https:\/\/trouvemoiunjob.org\/?page_id=1148"},"modified":"2019-08-29T11:41:04","modified_gmt":"2019-08-29T09:41:04","slug":"mentions-legales","status":"publish","type":"page","link":"https:\/\/trouvemoiunjob.org\/?page_id=1148","title":{"rendered":"Mentions L\u00e9gales"},"content":{"rendered":"<p>I. INFORMATIONS TECHNIQUES<\/p>\n<p>\u2013 R\u00e9seau internet \u2013<br \/>\nIl est rappel\u00e9 que le secret des correspondances n\u2019est pas garanti sur le r\u00e9seau Internet et qu\u2019il appartient \u00e0 chaque utilisateur d\u2019Internet de prendre toutes les mesures appropri\u00e9es de fa\u00e7on \u00e0 prot\u00e9ger ses propres donn\u00e9es et\/ou logiciels de la contamination d\u2019\u00e9ventuels virus circulant sur Internet.<\/p>\n<p>II. DONN\u00c9ES PERSONNELLES<\/p>\n<p>Toutes les informations de votre compte ne sont utilis\u00e9es que dans le cadre de votre relation commerciale avec https:\/\/trouvemoiunjob.org. Ces informations ne sont jamais partag\u00e9es avec des tiers ou revendues.<\/p>\n<p>III. L\u2019ENTREPRISE<\/p>\n<p>D\u00e9nomination sociale: Trouve Moi Un Job<br \/>\nForme juridique: Auto-entreprise<br \/>\nAdresse : 48 rue du G\u00e9n\u00e9ral de Gaulle 60520 Thiers sur Th\u00e8ve<br \/>\nSIRET: 850 275 546 000 16<br \/>\nSIREN: 850 275 546<\/p>\n","protected":false},"excerpt":{"rendered":"<p>I. INFORMATIONS TECHNIQUES \u2013 R\u00e9seau internet \u2013 Il est rappel\u00e9 que le secret des correspondances n\u2019est pas garanti sur le r\u00e9seau Internet et qu\u2019il appartient \u00e0 chaque utilisateur d\u2019Internet de prendre toutes les mesures appropri\u00e9es de fa\u00e7on \u00e0 prot\u00e9ger ses propres donn\u00e9es et\/ou logiciels de la contamination d\u2019\u00e9ventuels virus circulant sur Internet. II. DONN\u00c9ES PERSONNELLES &hellip; <\/p>\n<p class=\"link-more\"><a href=\"https:\/\/trouvemoiunjob.org\/?page_id=1148\" class=\"more-link\">Continuer la lecture<span class=\"screen-reader-text\"> de &laquo;&nbsp;Mentions L\u00e9gales&nbsp;&raquo;<\/span><\/a><\/p>\n","protected":false},"author":1,"featured_media":0,"parent":0,"menu_order":0,"comment_status":"closed","ping_status":"closed","template":"","meta":{"content-type":"","footnotes":""},"class_list":["post-1148","page","type-page","status-publish","hentry"],"_links":{"self":[{"href":"https:\/\/trouvemoiunjob.org\/index.php?rest_route=\/wp\/v2\/pages\/1148","targetHints":{"allow":["GET"]}}],"collection":[{"href":"https:\/\/trouvemoiunjob.org\/index.php?rest_route=\/wp\/v2\/pages"}],"about":[{"href":"https:\/\/trouvemoiunjob.org\/index.php?rest_route=\/wp\/v2\/types\/page"}],"author":[{"embeddable":true,"href":"https:\/\/trouvemoiunjob.org\/index.php?rest_route=\/wp\/v2\/users\/1"}],"replies":[{"embeddable":true,"href":"https:\/\/trouvemoiunjob.org\/index.php?rest_route=%2Fwp%2Fv2%2Fcomments&post=1148"}],"version-history":[{"count":4,"href":"https:\/\/trouvemoiunjob.org\/index.php?rest_route=\/wp\/v2\/pages\/1148\/revisions"}],"predecessor-version":[{"id":5001,"href":"https:\/\/trouvemoiunjob.org\/index.php?rest_route=\/wp\/v2\/pages\/1148\/revisions\/5001"}],"wp:attachment":[{"href":"https:\/\/trouvemoiunjob.org\/index.php?rest_route=%2Fwp%2Fv2%2Fmedia&parent=1148"}],"curies":[{"name":"wp","href":"https:\/\/api.w.org\/{rel}","templated":true}]}}