{"id":18,"date":"2018-12-30T09:58:10","date_gmt":"2018-12-30T08:58:10","guid":{"rendered":"http:\/\/trouvemoiunjob.org\/index.php\/home\/"},"modified":"2026-03-06T09:52:15","modified_gmt":"2026-03-06T08:52:15","slug":"cabinet-de-recrutement","status":"publish","type":"page","link":"https:\/\/trouvemoiunjob.org\/","title":{"rendered":"Accueil"},"content":{"rendered":"\n<div class=\"wp-block-group\"><div class=\"wp-block-group__inner-container is-layout-constrained wp-block-group-is-layout-constrained\">\n<div class=\"wp-block-columns is-layout-flex wp-container-core-columns-is-layout-9d6595d7 wp-block-columns-is-layout-flex\">\n<div class=\"wp-block-column is-layout-flow wp-block-column-is-layout-flow\"><\/div>\n\n\n\n<div class=\"wp-block-column is-layout-flow wp-block-column-is-layout-flow\"><\/div>\n\n\n\n<div class=\"wp-block-column is-layout-flow wp-block-column-is-layout-flow\"><\/div>\n<\/div>\n<\/div><\/div>\n\n\n<div class=\"wp-block-image\">\n<figure class=\"aligncenter size-full\"><img loading=\"lazy\" decoding=\"async\" width=\"728\" height=\"90\" src=\"https:\/\/trouvemoiunjob.org\/wp-content\/uploads\/2026\/03\/notre-entreprise-8.png\" alt=\"Notre cabinet de recrutement Trouve Moi un Job\" class=\"wp-image-7157\" srcset=\"https:\/\/trouvemoiunjob.org\/wp-content\/uploads\/2026\/03\/notre-entreprise-8.png 728w, https:\/\/trouvemoiunjob.org\/wp-content\/uploads\/2026\/03\/notre-entreprise-8-300x37.png 300w\" sizes=\"auto, (max-width: 728px) 100vw, 728px\" \/><\/figure>\n<\/div>\n\n\n<div class=\"wp-block-columns is-layout-flex wp-container-core-columns-is-layout-9d6595d7 wp-block-columns-is-layout-flex\">\n<div class=\"wp-block-column is-layout-flow wp-block-column-is-layout-flow\">\n<p class=\"has-text-align-center\">Depuis 7 ans notre cabinet de recrutement <strong>Trouve Moi un Job<\/strong> collabore avec les plus grands groupes : finance, banque, industries &#8230;<\/p>\n\n\n\n<p class=\"has-text-align-center\">Equipe \u00e0 taille humaine compos\u00e9e d&rsquo;anciens op\u00e9rationnels et RH, notre objectif est de garantir une satisfaction clients et candidats en \u00e9tant au plus proche de ses partenaires.<\/p>\n\n\n\n<p class=\"has-text-align-center\">Entreprise ou candidat, d\u00e9couvrez notre recette du succ\u00e8s assurant une exp\u00e9rience collaborative et humaine.<\/p>\n\n\n\n<p class=\"has-text-align-center\">Contactez-nous et nous reviendrons vers vous dans les plus brefs d\u00e9lais.<\/p>\n<\/div>\n<\/div>\n\n\n\n<div class=\"wp-block-contact-form-7-contact-form-selector\">\n<div class=\"wpcf7 no-js\" id=\"wpcf7-f7143-o1\" lang=\"fr-FR\" dir=\"ltr\">\n<div class=\"screen-reader-response\"><p role=\"status\" aria-live=\"polite\" aria-atomic=\"true\"><\/p> <ul><\/ul><\/div>\n<form action=\"\/index.php?rest_route=%2Fwp%2Fv2%2Fpages%2F18#wpcf7-f7143-o1\" method=\"post\" class=\"wpcf7-form init\" aria-label=\"Formulaire de contact\" novalidate=\"novalidate\" data-status=\"init\">\n<div style=\"display: none;\">\n<input type=\"hidden\" name=\"_wpcf7\" value=\"7143\" \/>\n<input type=\"hidden\" name=\"_wpcf7_version\" value=\"5.7.3\" \/>\n<input type=\"hidden\" name=\"_wpcf7_locale\" value=\"fr_FR\" \/>\n<input type=\"hidden\" name=\"_wpcf7_unit_tag\" value=\"wpcf7-f7143-o1\" \/>\n<input type=\"hidden\" name=\"_wpcf7_container_post\" value=\"0\" \/>\n<input type=\"hidden\" name=\"_wpcf7_posted_data_hash\" value=\"\" \/>\n<\/div>\n<p><span class=\"wpcf7-form-control-wrap\" data-name=\"checkbox-269\"><span class=\"wpcf7-form-control wpcf7-checkbox\"><span class=\"wpcf7-list-item first\"><label><input type=\"checkbox\" name=\"checkbox-269[]\" value=\"Entreprise\" tabindex=\"\" \/><span class=\"wpcf7-list-item-label\">Entreprise<\/span><\/label><\/span><span class=\"wpcf7-list-item\"><label><input type=\"checkbox\" name=\"checkbox-269[]\" value=\"Candidat\" tabindex=\"\" \/><span class=\"wpcf7-list-item-label\">Candidat<\/span><\/label><\/span><span class=\"wpcf7-list-item last\"><label><input type=\"checkbox\" name=\"checkbox-269[]\" value=\"Autre\" tabindex=\"\" \/><span class=\"wpcf7-list-item-label\">Autre<\/span><\/label><\/span><\/span><\/span>\n<\/p>\n<p><label> Votre nom<br \/>\n<span class=\"wpcf7-form-control-wrap\" data-name=\"your-name\"><input size=\"40\" class=\"wpcf7-form-control wpcf7-text wpcf7-validates-as-required\" autocomplete=\"name\" aria-required=\"true\" aria-invalid=\"false\" value=\"\" type=\"text\" name=\"your-name\" \/><\/span> <\/label>\n<\/p>\n<p><label> Votre e-mail<br \/>\n<span class=\"wpcf7-form-control-wrap\" data-name=\"your-email\"><input size=\"40\" class=\"wpcf7-form-control wpcf7-text wpcf7-email wpcf7-validates-as-required wpcf7-validates-as-email\" autocomplete=\"email\" aria-required=\"true\" aria-invalid=\"false\" value=\"\" type=\"email\" name=\"your-email\" \/><\/span> <\/label>\n<\/p>\n<p><label> Objet<br \/>\n<span class=\"wpcf7-form-control-wrap\" data-name=\"your-subject\"><input size=\"40\" class=\"wpcf7-form-control wpcf7-text wpcf7-validates-as-required\" aria-required=\"true\" aria-invalid=\"false\" value=\"\" type=\"text\" name=\"your-subject\" \/><\/span> <\/label>\n<\/p>\n<p><label> Votre message (facultatif)<br \/>\n<span class=\"wpcf7-form-control-wrap\" data-name=\"your-message\"><textarea cols=\"40\" rows=\"10\" class=\"wpcf7-form-control wpcf7-textarea\" aria-invalid=\"false\" name=\"your-message\"><\/textarea><\/span> <\/label>\n<\/p>\n<p><input class=\"wpcf7-form-control has-spinner wpcf7-submit\" type=\"submit\" value=\"Envoyer\" \/>\n<\/p><div class=\"wpcf7-response-output\" aria-hidden=\"true\"><\/div>\n<\/form>\n<\/div>\n<\/div>\n\n\n<div class=\"wp-block-image\">\n<figure class=\"aligncenter size-large\"><img loading=\"lazy\" decoding=\"async\" width=\"1024\" height=\"614\" src=\"https:\/\/trouvemoiunjob.org\/wp-content\/uploads\/2026\/02\/Cabinet-de-recrutement-Banque-Finance-Commerce-Ingenierie-15-1024x614.png\" alt=\"\" class=\"wp-image-7120\" srcset=\"https:\/\/trouvemoiunjob.org\/wp-content\/uploads\/2026\/02\/Cabinet-de-recrutement-Banque-Finance-Commerce-Ingenierie-15-1024x614.png 1024w, https:\/\/trouvemoiunjob.org\/wp-content\/uploads\/2026\/02\/Cabinet-de-recrutement-Banque-Finance-Commerce-Ingenierie-15-300x180.png 300w, https:\/\/trouvemoiunjob.org\/wp-content\/uploads\/2026\/02\/Cabinet-de-recrutement-Banque-Finance-Commerce-Ingenierie-15-768x461.png 768w, https:\/\/trouvemoiunjob.org\/wp-content\/uploads\/2026\/02\/Cabinet-de-recrutement-Banque-Finance-Commerce-Ingenierie-15-1536x922.png 1536w, https:\/\/trouvemoiunjob.org\/wp-content\/uploads\/2026\/02\/Cabinet-de-recrutement-Banque-Finance-Commerce-Ingenierie-15.png 2000w\" sizes=\"auto, (max-width: 706px) 89vw, (max-width: 767px) 82vw, 740px\" \/><\/figure>\n<\/div>","protected":false},"excerpt":{"rendered":"<p>Depuis 7 ans notre cabinet de recrutement Trouve Moi un Job collabore avec les plus grands groupes : finance, banque, industries &#8230; Equipe \u00e0 taille humaine compos\u00e9e d&rsquo;anciens op\u00e9rationnels et RH, notre objectif est de garantir une satisfaction clients et candidats en \u00e9tant au plus proche de ses partenaires. Entreprise ou candidat, d\u00e9couvrez notre recette &hellip; <\/p>\n<p class=\"link-more\"><a href=\"https:\/\/trouvemoiunjob.org\/\" class=\"more-link\">Continuer la lecture<span class=\"screen-reader-text\"> de &laquo;&nbsp;Accueil&nbsp;&raquo;<\/span><\/a><\/p>\n","protected":false},"author":1,"featured_media":0,"parent":0,"menu_order":0,"comment_status":"closed","ping_status":"closed","template":"","meta":{"content-type":"","footnotes":""},"class_list":["post-18","page","type-page","status-publish","hentry"],"_links":{"self":[{"href":"https:\/\/trouvemoiunjob.org\/index.php?rest_route=\/wp\/v2\/pages\/18","targetHints":{"allow":["GET"]}}],"collection":[{"href":"https:\/\/trouvemoiunjob.org\/index.php?rest_route=\/wp\/v2\/pages"}],"about":[{"href":"https:\/\/trouvemoiunjob.org\/index.php?rest_route=\/wp\/v2\/types\/page"}],"author":[{"embeddable":true,"href":"https:\/\/trouvemoiunjob.org\/index.php?rest_route=\/wp\/v2\/users\/1"}],"replies":[{"embeddable":true,"href":"https:\/\/trouvemoiunjob.org\/index.php?rest_route=%2Fwp%2Fv2%2Fcomments&post=18"}],"version-history":[{"count":156,"href":"https:\/\/trouvemoiunjob.org\/index.php?rest_route=\/wp\/v2\/pages\/18\/revisions"}],"predecessor-version":[{"id":7184,"href":"https:\/\/trouvemoiunjob.org\/index.php?rest_route=\/wp\/v2\/pages\/18\/revisions\/7184"}],"wp:attachment":[{"href":"https:\/\/trouvemoiunjob.org\/index.php?rest_route=%2Fwp%2Fv2%2Fmedia&parent=18"}],"curies":[{"name":"wp","href":"https:\/\/api.w.org\/{rel}","templated":true}]}}