{"id":1818,"date":"2019-01-18T19:21:18","date_gmt":"2019-01-18T18:21:18","guid":{"rendered":"https:\/\/trouvemoiunjob.org\/?page_id=1818"},"modified":"2023-01-26T22:43:13","modified_gmt":"2023-01-26T21:43:13","slug":"donnees-personnelles","status":"publish","type":"page","link":"https:\/\/trouvemoiunjob.org\/?page_id=1818","title":{"rendered":"Donn\u00e9es Personnelles"},"content":{"rendered":"<p>Derni\u00e8re mise \u00e0 jour : 18 janvier 2019<\/p>\n<p>TROUVE MOI UN JOB est soucieux de la protection des donn\u00e9es personnelles. Il s\u2019engage \u00e0 assurer le meilleur niveau de protection \u00e0 vos donn\u00e9es personnelles en conformit\u00e9 avec les r\u00e9glementations europ\u00e9ennes et fran\u00e7aises qui lui sont applicables en mati\u00e8re de protection des donn\u00e9es personnelles.<br \/>\nPour toute information sur la protection des donn\u00e9es personnelles, vous pouvez \u00e9galement consulter le site de la Commission Informatique et Libert\u00e9 www.cnil.fr.<br \/>\nQui est le responsable du traitement de mes donn\u00e9es personnelles ?<br \/>\nLe responsable de traitement est la soci\u00e9t\u00e9 qui d\u00e9finit pour quel usage et comment vos donn\u00e9es personnelles sont utilis\u00e9es.<\/p>\n<p>Les donn\u00e9es personnelles collect\u00e9es sur le site https:\/\/trouvemoiunjob.org sont trait\u00e9es par :<\/p>\n<p>TROUVE MOI UN JOB<br \/>\n850 275 546<\/p>\n<p>Domicili\u00e9e : 48 rue du G\u00e9n\u00e9ral de Gaulle 60520 Thiers sur Th\u00e8ve<\/p>\n<p>Pourquoi TROUVE MOI UN JOB collecte mes donn\u00e9es personnelles ?<\/p>\n<p>TROUVE MOI UN JOB utilise vos donn\u00e9es personnelles principalement pour les finalit\u00e9s suivantes :<\/p>\n<p>\u2022 La Gestion des commandes et de la relation client<\/p>\n<p>Nous avons besoin des informations qui vous concernent pour la gestion de vos commandes et les suites de celle-ci (par exemple, les factures, la comptabilit\u00e9 et en particulier la gestion des comptes clients, le suivi de la relation client tel que la r\u00e9alisation d\u2019enqu\u00eates de satisfaction, la gestion des r\u00e9clamations et du service apr\u00e8s-vente, la s\u00e9lection de clients pour r\u00e9aliser des \u00e9tudes, sondages et tests produits).<\/p>\n<p>\u2022 Le paiement de vos commandes ou abonnements<\/p>\n<p>Lorsque vous payez sur nos sites, vos paiements sont s\u00e9curis\u00e9s. TROUVE MOI UN JOB ne collecte pas vos donn\u00e9es de paiement mais seulement un identifiant de paiement et les 6 premiers et 4 derniers chiffres de votre carte pour vous permettre de reconna\u00eetre la carte qui a servi au paiement. L\u2019int\u00e9gralit\u00e9 de vos coordonn\u00e9es bancaires sont collect\u00e9es uniquement par notre prestataire de services de paiement certifi\u00e9 PCI-DSS qui permet de garantir la s\u00e9curit\u00e9 des paiements.<\/p>\n<p>\u2022 Paiement \u00e0 l\u2019achat<\/p>\n<p>Lorsque vous payez une commande, la carte ayant servi au paiement est conserv\u00e9e le temps n\u00e9cessaire \u00e0 la transaction puis pour une dur\u00e9e de 15 mois \u00e0 compter du paiement afin de garantir la preuve de la transaction.<\/p>\n<p>\u2022 Enregistrement de votre carte bancaire dans le portefeuille \u00e9lectronique<\/p>\n<p>Si vous avez accept\u00e9 l\u2019enregistrement de votre carte bancaire pour faciliter vos prochains achats, votre carte est associ\u00e9e \u00e0 votre compte TROUVE MOI UN JOB et conserv\u00e9e pour cet usage pendant la dur\u00e9e de validit\u00e9 de la carte bancaire tant que vous souhaitez la conserver dans votre compte. Vous pouvez la supprimer \u00e0 tout moment en vous rendant dans votre compte \u2013 rubrique \u00ab mes informations personnelles \u00bb onglet \u00ab mes moyens de paiement \u00bb ou en nous le signalant.<\/p>\n<p>\u2022 La personnalisation de nos services et les messages que nous vous adressons<\/p>\n<p>Les donn\u00e9es vous concernant nous permettent d\u2019am\u00e9liorer et personnaliser les services que nous vous proposons et les communications que nous vous adressons. Par exemple : nous vous pouvons vous adresser des emails personnalis\u00e9s ou vous recommander des services compl\u00e9mentaires \u00e0 ceux que vous avez d\u00e9j\u00e0 achet\u00e9 ou consult\u00e9 et qui correspondent \u00e0 vos centres d\u2019int\u00e9r\u00eats.<\/p>\n<p>\u2022 Lutte contre la Fraude<\/p>\n<p>Les donn\u00e9es personnelles collect\u00e9es sur le site sont \u00e9galement trait\u00e9es afin de s\u00e9curiser les paiements et ainsi de vous assurer une qualit\u00e9 de service optimale. TROUVE MOI UN JOB d\u00e9termine le niveau de risque de fraude associ\u00e9 \u00e0 chaque commande. Dans le cadre de cette analyse, TROUVE MOI UN JOB est susceptible d\u2019interroger ses prestataires sp\u00e9cialis\u00e9s dans la pr\u00e9vention des risques pour affiner son analyse. Certains de ces prestataires peuvent \u00eatre rendus destinataires du r\u00e9sultat de l\u2019analyse effectu\u00e9e et peuvent l\u2019utiliser pour leur compte afin d\u2019alimenter leur propre fichier d\u2019incidents.<br \/>\nTROUVE MOI UN JOB pourra, en fonction des r\u00e9sultats du contr\u00f4le effectu\u00e9 sur les commandes, prendre des mesures de s\u00e9curisation, en particulier demande de justificatifs compl\u00e9mentaires . Ces mesures auront pour effet de suspendre l\u2019ex\u00e9cution de la commande voire, si le r\u00e9sultat de l\u2019analyse ne permet pas de garantir la s\u00e9curit\u00e9 de la commande, de l\u2019annuler. L\u2019utilisation frauduleuse d\u2019un moyen de paiement pourra entra\u00eener l\u2019inscription des donn\u00e9es en rapport avec la commande au sein du fichier d\u2019alerte de TROUVE MOI UN JOB, ce qui pourra, lors de prochaines commandes, conduire TROUVE MOI UN JOB \u00e0 r\u00e9aliser des v\u00e9rifications suppl\u00e9mentaires.<\/p>\n<p>\u2022 La s\u00e9curit\u00e9 de notre site<\/p>\n<p>Nous collectons certaines donn\u00e9es de navigation pour nous permettre d\u2019assurer la s\u00e9curit\u00e9 de nos services et de d\u00e9tecter, d\u2019\u00e9viter ou de retracer toute tentative de malveillance ou d\u2019intrusion informatique ou toute violation des conditions d\u2019utilisation de nos Services.<\/p>\n<p>Quelles sont les donn\u00e9es personnelles qui sont collect\u00e9es me concernant ?<\/p>\n<p>Quelles donn\u00e9es ?<\/p>\n<p>Nous collectons et traitons notamment vos nom, pr\u00e9nom, adresse, adresse email, mot de passe, num\u00e9ro de t\u00e9l\u00e9phone, adresse IP, donn\u00e9es de connexions et donn\u00e9es de navigation, historiques de commandes, pr\u00e9f\u00e9rences et centres d\u2019int\u00e9r\u00eats, services consult\u00e9s, incidents de livraisons, r\u00e9clamations.<br \/>\nLe caract\u00e8re obligatoire ou facultatif des donn\u00e9es vous est signal\u00e9 lors de la collecte par un ast\u00e9risque. Certaines donn\u00e9es sont collect\u00e9es automatiquement du fait de vos actions sur le site, d\u2019autres informations peuvent \u00eatre transmises par des partenaires.<\/p>\n<p>Quand ?<\/p>\n<p>Nous collectons les informations que vous nous fournissez notamment quand :<\/p>\n<p>\u2022 vous cr\u00e9ez votre compte client sur notre site<br \/>\n\u2022 vous effectuez une commande sur notre site<br \/>\n\u2022 vous naviguez sur notre produit et consultez des produits<br \/>\n\u2022 vous participez \u00e0 un jeu ou un concours<br \/>\n\u2022 vous contactez notre Service Client<br \/>\n\u2022 vous r\u00e9digez un commentaire<br \/>\n\u2022 vous consultez nos publicit\u00e9s<\/p>\n<p>Quelles sont les communications que je suis susceptible de recevoir ?<\/p>\n<p>Les informations et newsletters<\/p>\n<p>\u2022 Emails de service<\/p>\n<p>Suite \u00e0 une commande ou dans le cadre du suivi d\u2019un contrat vous recevrez un email afin de vous permettre de suivre votre commande ou l\u2019ex\u00e9cution de votre contrat (confirmation de commandes, information sur la r\u00e9alisation de celle-ci,\u2026). Ces messages de service sont n\u00e9cessaires \u00e0 la bonne ex\u00e9cution des commandes et services que vous avez sollicit\u00e9s. La r\u00e9ception de ces informations n\u2019est pas li\u00e9e aux choix que vous aurait exprim\u00e9 pour la r\u00e9ception des newsletters et offres commerciales.<br \/>\nPar exemple : Si vous \u00eates adh\u00e9rent, vous pourrez recevoir ponctuellement les informations n\u00e9cessaires \u00e0 l\u2019ex\u00e9cution et la bonne gestion du contrat d\u2019adh\u00e9sion (notamment information sur l\u2019\u00e9tat de votre compte de fid\u00e9lit\u00e9, \u00e9ch\u00e9ance de votre adh\u00e9sion, soir\u00e9e exceptionnelle r\u00e9serv\u00e9e aux adh\u00e9rents\u2026).<\/p>\n<p>\u2022 Newsletters TROUVE MOI UN JOB<\/p>\n<p>Suite \u00e0 la cr\u00e9ation de votre compte et si vous ne vous y \u00eates pas oppos\u00e9s, vous pourrez recevoir des informations et offres de TROUVE MOI UN JOB par communication \u00e9lectronique (email, sms\u2026). Ces newsletters vous permettent de vous tenir inform\u00e9s de l\u2019actualit\u00e9 TROUVE MOI UN JOB et des avantages dont vous pouvez b\u00e9n\u00e9ficier sur des services analogues \u00e0 ceux que vous avez d\u00e9j\u00e0 command\u00e9s ou consult\u00e9s sur le site https:\/\/trouvemoiunjob.org. Nous mesurons le taux d\u2019ouverture de nos envois \u00e9lectroniques afin de les adapter au mieux \u00e0 vos besoins.<\/p>\n<p>Sur quelle base l\u00e9gale et pour quelles dur\u00e9es mes donn\u00e9es personnelles sont-elles trait\u00e9es ?<\/p>\n<p>Le traitement de vos donn\u00e9es personnelles est justifi\u00e9 par diff\u00e9rents fondements (base l\u00e9gale) en fonction de l\u2019usage que nous faisons des donn\u00e9es personnelles. Vous trouverez ci-dessous les bases l\u00e9gales et dur\u00e9es de conservation que nous appliquons \u00e0 nos principaux traitements.<\/p>\n<p>Bases l\u00e9gales des traitements<\/p>\n<p>Parmi les bases l\u00e9gales applicables :<\/p>\n<p>\u2022 Le contrat : le traitement des donn\u00e9es personnelles est n\u00e9cessaire \u00e0 l\u2019ex\u00e9cution du contrat auquel vous avez consentit.<\/p>\n<p>\u2022 Le consentement : vous acceptez le traitement de vos donn\u00e9es personnelles par le biais d\u2019un consentement expr\u00e8s (case \u00e0 cocher, clic, etc.). Vous pouvez retirer ce consentement \u00e0 tout moment.<\/p>\n<p>\u2022 L\u2019int\u00e9r\u00eat l\u00e9gitime : TROUVE MOI UN JOB a un int\u00e9r\u00eat commercial \u00e0 traiter vos donn\u00e9es qui est justifi\u00e9, \u00e9quilibr\u00e9 et ne vient pas porter atteinte \u00e0 votre vie priv\u00e9e. Sauf exception, vous pouvez \u00e0 tout moment vous opposer \u00e0 un traitement bas\u00e9 sur l\u2019int\u00e9r\u00eat l\u00e9gitime en le signalant \u00e0 TROUVE MOI UN JOB.<\/p>\n<p>\u2022 La loi : le traitement de vos donn\u00e9es personnelles est rendu obligatoire par un texte de loi.<\/p>\n<p>Dur\u00e9es de conservation<\/p>\n<p>La plupart des donn\u00e9es (par exemple informations de votre compte client et historique de commandes sont conserv\u00e9es tant que vous \u00eates un client \u00ab actif \u00bb et pendant une dur\u00e9e de 5 ans \u00e0 compter de votre derni\u00e8re activit\u00e9 (par exemple achat, connexion \u00e0 votre compte ou \u00e9ch\u00e9ance d\u2019un contrat. Vos donn\u00e9es sont ensuite archiv\u00e9es avec un acc\u00e8s restreint pour une dur\u00e9e suppl\u00e9mentaire pour des raisons limit\u00e9es et autoris\u00e9es par la loi (paiement, garantie, litiges \u2026). Pass\u00e9 ce d\u00e9lai, elles sont supprim\u00e9es.<\/p>\n<p>Qui sont les destinataires de mes donn\u00e9es ?<\/p>\n<p>Transmission de donn\u00e9es \u00e0 des sous-traitants<\/p>\n<p>Les donn\u00e9es que nous collectons peuvent \u00eatre transmises aux prestataires (sous-traitants) \u2013 auxquels TROUVE MOI UN JOB peut faire appel pour pour la r\u00e9alisation de ses services dans le cadre d\u2019op\u00e9rations marketing.<\/p>\n<p>Comment exprimer mes choix sur l\u2019usage de mes donn\u00e9es ?<br \/>\nNous travaillons activement \u00e0 l\u2019am\u00e9lioration de notre gestionnaire de choix accessible dans votre compte afin de vous permettre de mieux contr\u00f4ler l\u2019usage de vos donn\u00e9es.<\/p>\n<p>Vous pouvez \u00e0 tout moment retirer votre consentement ou formuler une opposition concernant les usages de vos donn\u00e9es d\u00e9crits ci-avant :<\/p>\n<p>\u2022 \u00e0 tout moment<\/p>\n<p>\u2022 Par email \u00e0 contact@trouvemoiunjob.org<\/p>\n<p>\u2022 Par courrier \u00e0 l\u2019adresse : TROUVE MOI UN JOB, 48 rue du G\u00e9n\u00e9ral de Gaulle 60520 Thiers sur Th\u00e8ve<\/p>\n<p>\u2022 Si vous proc\u00e9dez par email ou courrier<br \/>\nIl convient de nous indiquer vos nom, pr\u00e9nom, e-mail et adresse et en mentionnant le motif de votre demande et\/ou le droit que vous souhaitez exercer.<\/p>\n<p>Afin de nous permettre de bien comprendre votre demande vous pourrez par exemple pr\u00e9ciser un ou plusieurs des motifs suivants :<\/p>\n<p>\u2022 Pour l\u2019arr\u00eat des prospections commerciales :<br \/>\n\u00ab Stop email TROUVE MOI UN JOB \u00bb<br \/>\nVous pouvez \u00e9galement g\u00e9rer vos cookies en vous rendant dans le gestionnaire des cookies situ\u00e9 sur la page \u2026\u2026\u2026\u2026\u2026\u2026\u2026\u2026\u2026..<\/p>\n<p>\u2022 Pour la suppression de votre compte client<br \/>\n\u00ab Supprimer mon compte \u00bb<\/p>\n<p>Quels sont mes droits au regard de l\u2019utilisation des donn\u00e9es personnelles ?<\/p>\n<p>Conform\u00e9ment \u00e0 la r\u00e8glementation sur la protection des donn\u00e9es personnelles, vous pouvez exercer vos droits (acc\u00e8s, rectification, suppression, opposition, limitation et portabilit\u00e9 le cas \u00e9ch\u00e9ant) et d\u00e9finir le sort de vos donn\u00e9es personnelles \u00ab post mortem \u00bb TROUVE MOI UN JOB par email : contact@trouvemoiunjob.org ou par courrier : TROUVE MOI UN JOB, 48 rue du G\u00e9n\u00e9ral de Gaulle 60520 Thiers sur Th\u00e8ve.<br \/>\nAfin de nous permettre de r\u00e9pondre rapidement, nous vous remercions de nous indiquer vos nom, pr\u00e9nom, e-mail, adresse et si possible votre r\u00e9f\u00e9rence client. Certaines demandes d\u2019exercice de vos droits (droit d\u2019acc\u00e8s) devront \u00eatre accompagn\u00e9es de la photocopie d\u2019un titre d\u2019identit\u00e9 portant votre signature afin de v\u00e9rifier votre identit\u00e9 et pr\u00e9ciser l\u2019adresse \u00e0 laquelle doit vous parvenir la r\u00e9ponse. Une r\u00e9ponse vous sera alors adress\u00e9e dans un d\u00e9lai d\u2019un mois suivant la r\u00e9ception de la demande.<br \/>\n\u00c0 tout moment au cours de l\u2019analyse de risque men\u00e9e par TROUVE MOI UN JOB dans le cadre de la pr\u00e9vention de la fraude, vous pourrez pr\u00e9senter vos observations.<br \/>\nVous disposez par ailleurs, du droit d\u2019introduire une r\u00e9clamation aupr\u00e8s de la Commission Nationale de l\u2019Informatique et des Libert\u00e9s (CNIL), notamment sur son site internet www.cnil.fr.<\/p>\n<p>Quelle utilisation des donn\u00e9es en lien avec les R\u00e9seaux sociaux ?<\/p>\n<p>L\u2019utilisation des r\u00e9seaux sociaux de TROUVE MOI UN JOB est susceptible d\u2019entra\u00eener une collecte de certaines donn\u00e9es. Nous vous invitons \u00e0 consulter les politiques de protection des donn\u00e9es personnelles des r\u00e9seaux sociaux afin de prendre pr\u00e9cis\u00e9ment connaissance des informations qui sont collect\u00e9es par les r\u00e9seaux sociaux et qui peuvent \u00eatre transmises \u00e0 TROUVE MOI UN JOB en lien avec ses sites et applications ainsi que les finalit\u00e9s d\u2019utilisation de vos donn\u00e9es, notamment \u00e0 des fins publicitaires. Vous pourrez param\u00e9trer directement sur les r\u00e9seaux sociaux l\u2019acc\u00e8s et la confidentialit\u00e9 de vos donn\u00e9es.<br \/>\nTROUVE MOI UN JOB n\u2019est pas responsable de l\u2019utilisation qui est faite de vos donn\u00e9es par les r\u00e9seaux sociaux pour leur propre compte.<\/p>\n<p>\u00ab Plug-ins \u00bb et modules sociaux<\/p>\n<p>Notre site peut \u00eatre amener \u00e0 utiliser des \u00ab plug-in \u00bb ou modules sociaux. Il s\u2019agit notamment des petits boutons \u00ab j\u2019aime \u00bb, \u00ab partager \u00bb des r\u00e9seaux sociaux tiers tels que Facebook, Linkedin, etc., que vous pouvez trouver sur notre site. Ils vous permettent d\u2019aimer (\u00ab liker \u00bb) et de partager des informations provenant de nos sites et applications avec vos amis sur les r\u00e9seaux sociaux. Lorsque vous consultez une page de notre site https:\/\/trouvemoiunjob.org contenant des plugs-in ou modules sociaux, une connexion est \u00e9tablie avec les serveurs des r\u00e9seaux sociaux (Facebook, Linkedin\u2026) qui sont alors inform\u00e9s que vous avez acc\u00e9d\u00e9 \u00e0 la page correspondante du site TROUVE MOI UN JOB consult\u00e9, et ce m\u00eame si vous ne poss\u00e9dez pas de compte utilisateur Facebook ou Linkedin, et m\u00eame si vous n\u2019\u00eates pas connect\u00e9 \u00e0 votre compte Facebook ou Linkedin. Par exemple : Si vous \u00eates connect\u00e9 \u00e0 un r\u00e9seau social lors de votre navigation sur le site&nbsp;https:\/\/trouvemoiunjob.org, les r\u00e9seaux sociaux auxquels vous \u00eates connect\u00e9s pourront faire mention de votre visite dans votre compte sur les r\u00e9seaux sociaux. Si vous utilisez les plug-ins (ex : like), vos actions pourront \u00eatre enregistr\u00e9es et publi\u00e9es sur vos comptes dans les r\u00e9seaux sociaux en fonction du param\u00e9trage de votre compte des r\u00e9seaux sociaux. Si vous ne souhaitez pas que les r\u00e9seaux sociaux publient vos actions issues des plug-ins dans vos comptes sur les r\u00e9seaux sociaux, vous devez vous d\u00e9connecter de vos r\u00e9seaux sociaux avant de visiter notre site.<\/p>\n<p>Quels sont les Cookies utilis\u00e9s pour le ciblage publicitaire ?<\/p>\n<p>Nous utilisons des technologies de tra\u00e7ages notamment des cookies pour adapter \u00e0 la publicit\u00e9 \u00e0 vos besoins et centres d\u2019int\u00e9r\u00eat sur nos sites ou ceux de partenaires. Nous vous invitons \u00e0 consulter la rubrique Cookies pour obtenir des informations d\u00e9taill\u00e9es sur l\u2019utilisation des cookies et autres technologies comparables et voir les possibilit\u00e9s de choix dont vous disposez.<\/p>\n","protected":false},"excerpt":{"rendered":"<p>Derni\u00e8re mise \u00e0 jour : 18 janvier 2019 TROUVE MOI UN JOB est soucieux de la protection des donn\u00e9es personnelles. Il s\u2019engage \u00e0 assurer le meilleur niveau de protection \u00e0 vos donn\u00e9es personnelles en conformit\u00e9 avec les r\u00e9glementations europ\u00e9ennes et fran\u00e7aises qui lui sont applicables en mati\u00e8re de protection des donn\u00e9es personnelles. Pour toute information &hellip; <\/p>\n<p class=\"link-more\"><a href=\"https:\/\/trouvemoiunjob.org\/?page_id=1818\" class=\"more-link\">Continuer la lecture<span class=\"screen-reader-text\"> de &laquo;&nbsp;Donn\u00e9es Personnelles&nbsp;&raquo;<\/span><\/a><\/p>\n","protected":false},"author":1,"featured_media":0,"parent":0,"menu_order":0,"comment_status":"closed","ping_status":"closed","template":"","meta":{"content-type":"","footnotes":""},"class_list":["post-1818","page","type-page","status-publish","hentry"],"_links":{"self":[{"href":"https:\/\/trouvemoiunjob.org\/index.php?rest_route=\/wp\/v2\/pages\/1818","targetHints":{"allow":["GET"]}}],"collection":[{"href":"https:\/\/trouvemoiunjob.org\/index.php?rest_route=\/wp\/v2\/pages"}],"about":[{"href":"https:\/\/trouvemoiunjob.org\/index.php?rest_route=\/wp\/v2\/types\/page"}],"author":[{"embeddable":true,"href":"https:\/\/trouvemoiunjob.org\/index.php?rest_route=\/wp\/v2\/users\/1"}],"replies":[{"embeddable":true,"href":"https:\/\/trouvemoiunjob.org\/index.php?rest_route=%2Fwp%2Fv2%2Fcomments&post=1818"}],"version-history":[{"count":4,"href":"https:\/\/trouvemoiunjob.org\/index.php?rest_route=\/wp\/v2\/pages\/1818\/revisions"}],"predecessor-version":[{"id":6538,"href":"https:\/\/trouvemoiunjob.org\/index.php?rest_route=\/wp\/v2\/pages\/1818\/revisions\/6538"}],"wp:attachment":[{"href":"https:\/\/trouvemoiunjob.org\/index.php?rest_route=%2Fwp%2Fv2%2Fmedia&parent=1818"}],"curies":[{"name":"wp","href":"https:\/\/api.w.org\/{rel}","templated":true}]}}