{"id":4409,"date":"2019-04-09T14:24:45","date_gmt":"2019-04-09T12:24:45","guid":{"rendered":"https:\/\/trouvemoiunjob.org\/?page_id=4409"},"modified":"2026-03-06T09:49:53","modified_gmt":"2026-03-06T08:49:53","slug":"cabinet-de-recrutement-2","status":"publish","type":"page","link":"https:\/\/trouvemoiunjob.org\/?page_id=4409","title":{"rendered":"Vous recrutez ?"},"content":{"rendered":"<p><img loading=\"lazy\" decoding=\"async\" class=\"size-full wp-image-7095\" src=\"https:\/\/trouvemoiunjob.org\/wp-content\/uploads\/2026\/02\/notre-entreprise-3.png\" alt=\"Contacter Trouve Moi un Job, cabinet de recrutement\" width=\"728\" height=\"90\" srcset=\"https:\/\/trouvemoiunjob.org\/wp-content\/uploads\/2026\/02\/notre-entreprise-3.png 728w, https:\/\/trouvemoiunjob.org\/wp-content\/uploads\/2026\/02\/notre-entreprise-3-300x37.png 300w\" sizes=\"auto, (max-width: 728px) 100vw, 728px\" \/><\/p>\n<p style=\"text-align: center;\"><b><span style=\"color: #000000;\">Echangez avec nous, demandez un devis et faites-nous partager vos besoins <\/span><\/b><span style=\"color: #000000;\">:<\/span><\/p>\n<p style=\"text-align: center;\">\n<div class=\"wpcf7 no-js\" id=\"wpcf7-f7097-o1\" lang=\"fr-FR\" dir=\"ltr\">\n<div class=\"screen-reader-response\"><p role=\"status\" aria-live=\"polite\" aria-atomic=\"true\"><\/p> <ul><\/ul><\/div>\n<form action=\"\/index.php?rest_route=%2Fwp%2Fv2%2Fpages%2F4409#wpcf7-f7097-o1\" method=\"post\" class=\"wpcf7-form init\" aria-label=\"Formulaire de contact\" novalidate=\"novalidate\" data-status=\"init\">\n<div style=\"display: none;\">\n<input type=\"hidden\" name=\"_wpcf7\" value=\"7097\" \/>\n<input type=\"hidden\" name=\"_wpcf7_version\" value=\"5.7.3\" \/>\n<input type=\"hidden\" name=\"_wpcf7_locale\" value=\"fr_FR\" \/>\n<input type=\"hidden\" name=\"_wpcf7_unit_tag\" value=\"wpcf7-f7097-o1\" \/>\n<input type=\"hidden\" name=\"_wpcf7_container_post\" value=\"0\" \/>\n<input type=\"hidden\" name=\"_wpcf7_posted_data_hash\" value=\"\" \/>\n<\/div>\n<p><label> Votre entreprise<br \/>\n<span class=\"wpcf7-form-control-wrap\" data-name=\"Votreentreprise\"><input size=\"40\" class=\"wpcf7-form-control wpcf7-text\" aria-invalid=\"false\" placeholder=\"\" value=\"\" type=\"text\" name=\"Votreentreprise\" \/><\/span> <\/label>\n<\/p>\n<p><label> Votre nom<br \/>\n<span class=\"wpcf7-form-control-wrap\" data-name=\"your-name\"><input size=\"40\" class=\"wpcf7-form-control wpcf7-text wpcf7-validates-as-required\" autocomplete=\"name\" aria-required=\"true\" aria-invalid=\"false\" value=\"\" type=\"text\" name=\"your-name\" \/><\/span> <\/label>\n<\/p>\n<p><label> Votre e-mail<br \/>\n<span class=\"wpcf7-form-control-wrap\" data-name=\"your-email\"><input size=\"40\" class=\"wpcf7-form-control wpcf7-text wpcf7-email wpcf7-validates-as-required wpcf7-validates-as-email\" autocomplete=\"email\" aria-required=\"true\" aria-invalid=\"false\" value=\"\" type=\"email\" name=\"your-email\" \/><\/span> <\/label>\n<\/p>\n<p><label> Votre t\u00e9l\u00e9phone<br \/>\n<span class=\"wpcf7-form-control-wrap\" data-name=\"Votretlphone\"><input size=\"40\" class=\"wpcf7-form-control wpcf7-text wpcf7-tel wpcf7-validates-as-tel\" aria-invalid=\"false\" placeholder=\"\" value=\"\" type=\"tel\" name=\"Votretlphone\" \/><\/span> <\/label>\n<\/p>\n<p><label> Objet<br \/>\n<span class=\"wpcf7-form-control-wrap\" data-name=\"your-subject\"><input size=\"40\" class=\"wpcf7-form-control wpcf7-text wpcf7-validates-as-required\" aria-required=\"true\" aria-invalid=\"false\" value=\"\" type=\"text\" name=\"your-subject\" \/><\/span> <\/label>\n<\/p>\n<p><label> Votre message (facultatif)<br \/>\n<span class=\"wpcf7-form-control-wrap\" data-name=\"your-message\"><textarea cols=\"40\" rows=\"10\" class=\"wpcf7-form-control wpcf7-textarea\" aria-invalid=\"false\" name=\"your-message\"><\/textarea><\/span> <\/label>\n<\/p>\n<p><input class=\"wpcf7-form-control has-spinner wpcf7-submit\" type=\"submit\" value=\"Envoyer\" \/>\n<\/p><div class=\"wpcf7-response-output\" aria-hidden=\"true\"><\/div>\n<\/form>\n<\/div>\n<\/p>\n<p style=\"text-align: center;\"><span style=\"color: #000000;\">contact@trouvemoiunjob.org<\/span><br \/><span style=\"color: #000000;\">06 38 19 23 28<\/span><\/p>\n<p style=\"text-align: center;\">\n\n\n<\/p>\n<hr class=\"wp-block-separator has-alpha-channel-opacity\" \/>\n<p style=\"text-align: center;\">\n\n\n<\/p>\n<p style=\"text-align: center;\"><img loading=\"lazy\" decoding=\"async\" class=\"alignnone size-full wp-image-7100\" src=\"https:\/\/trouvemoiunjob.org\/wp-content\/uploads\/2026\/02\/notre-entreprise-5.png\" alt=\"M\u00e9thodologie Trouve Moi un Job\" width=\"728\" height=\"90\" srcset=\"https:\/\/trouvemoiunjob.org\/wp-content\/uploads\/2026\/02\/notre-entreprise-5.png 728w, https:\/\/trouvemoiunjob.org\/wp-content\/uploads\/2026\/02\/notre-entreprise-5-300x37.png 300w\" sizes=\"auto, (max-width: 728px) 100vw, 728px\" \/><span style=\"color: #000000;\"><b>\u00a0<\/b>Chaque client est unique : nous modulons notre offre et travaillons pour votre r\u00e9ussite.<\/span><\/p>\n\n\n<div class=\"wp-block-media-text is-stacked-on-mobile\"><figure class=\"wp-block-media-text__media\"><img loading=\"lazy\" decoding=\"async\" width=\"1024\" height=\"614\" src=\"https:\/\/trouvemoiunjob.org\/wp-content\/uploads\/2026\/02\/Cabinet-de-recrutement-Banque-Finance-Commerce-Ingenierie-10-1024x614.png\" alt=\"Comprendre votre besoin\" class=\"wp-image-7104 size-full\" srcset=\"https:\/\/trouvemoiunjob.org\/wp-content\/uploads\/2026\/02\/Cabinet-de-recrutement-Banque-Finance-Commerce-Ingenierie-10-1024x614.png 1024w, https:\/\/trouvemoiunjob.org\/wp-content\/uploads\/2026\/02\/Cabinet-de-recrutement-Banque-Finance-Commerce-Ingenierie-10-300x180.png 300w, https:\/\/trouvemoiunjob.org\/wp-content\/uploads\/2026\/02\/Cabinet-de-recrutement-Banque-Finance-Commerce-Ingenierie-10-768x461.png 768w, https:\/\/trouvemoiunjob.org\/wp-content\/uploads\/2026\/02\/Cabinet-de-recrutement-Banque-Finance-Commerce-Ingenierie-10-1536x922.png 1536w, https:\/\/trouvemoiunjob.org\/wp-content\/uploads\/2026\/02\/Cabinet-de-recrutement-Banque-Finance-Commerce-Ingenierie-10.png 2000w\" sizes=\"auto, (max-width: 706px) 89vw, (max-width: 767px) 82vw, 740px\" \/><\/figure><div class=\"wp-block-media-text__content\">\n<p><strong>\u270f\ufe0f D\u00e9finition du besoin en recrutement<\/strong><br>Nous vous aidons \u00e0 d\u00e9finir clairement votre besoin en recrutement.<\/p>\n\n\n\n<p><\/p>\n<\/div><\/div>\n\n\n\n<div class=\"wp-block-media-text is-stacked-on-mobile\"><figure class=\"wp-block-media-text__media\"><img loading=\"lazy\" decoding=\"async\" width=\"1024\" height=\"614\" src=\"https:\/\/trouvemoiunjob.org\/wp-content\/uploads\/2026\/02\/Cabinet-de-recrutement-Banque-Finance-Commerce-Ingenierie-9-1024x614.png\" alt=\"Sourcing\" class=\"wp-image-7105 size-full\" srcset=\"https:\/\/trouvemoiunjob.org\/wp-content\/uploads\/2026\/02\/Cabinet-de-recrutement-Banque-Finance-Commerce-Ingenierie-9-1024x614.png 1024w, https:\/\/trouvemoiunjob.org\/wp-content\/uploads\/2026\/02\/Cabinet-de-recrutement-Banque-Finance-Commerce-Ingenierie-9-300x180.png 300w, https:\/\/trouvemoiunjob.org\/wp-content\/uploads\/2026\/02\/Cabinet-de-recrutement-Banque-Finance-Commerce-Ingenierie-9-768x461.png 768w, https:\/\/trouvemoiunjob.org\/wp-content\/uploads\/2026\/02\/Cabinet-de-recrutement-Banque-Finance-Commerce-Ingenierie-9-1536x922.png 1536w, https:\/\/trouvemoiunjob.org\/wp-content\/uploads\/2026\/02\/Cabinet-de-recrutement-Banque-Finance-Commerce-Ingenierie-9.png 2000w\" sizes=\"auto, (max-width: 706px) 89vw, (max-width: 767px) 82vw, 740px\" \/><\/figure><div class=\"wp-block-media-text__content\">\n<p><strong>\ud83d\udd0d&nbsp;&nbsp;Sourcing<\/strong><br>Utilisation des job boards, des r\u00e9seaux sociaux, partenariats avec des \u00e9coles, r\u00e9ponses \u00e0 annonce sur des sites g\u00e9n\u00e9ralistes et sp\u00e9cialis\u00e9s.<\/p>\n<\/div><\/div>\n\n\n\n<div class=\"wp-block-media-text is-stacked-on-mobile\"><figure class=\"wp-block-media-text__media\"><img loading=\"lazy\" decoding=\"async\" width=\"1024\" height=\"614\" src=\"https:\/\/trouvemoiunjob.org\/wp-content\/uploads\/2026\/02\/Cabinet-de-recrutement-Banque-Finance-Commerce-Ingenierie-12-1024x614.png\" alt=\"Entretiens\" class=\"wp-image-7102 size-full\" srcset=\"https:\/\/trouvemoiunjob.org\/wp-content\/uploads\/2026\/02\/Cabinet-de-recrutement-Banque-Finance-Commerce-Ingenierie-12-1024x614.png 1024w, https:\/\/trouvemoiunjob.org\/wp-content\/uploads\/2026\/02\/Cabinet-de-recrutement-Banque-Finance-Commerce-Ingenierie-12-300x180.png 300w, https:\/\/trouvemoiunjob.org\/wp-content\/uploads\/2026\/02\/Cabinet-de-recrutement-Banque-Finance-Commerce-Ingenierie-12-768x461.png 768w, https:\/\/trouvemoiunjob.org\/wp-content\/uploads\/2026\/02\/Cabinet-de-recrutement-Banque-Finance-Commerce-Ingenierie-12-1536x922.png 1536w, https:\/\/trouvemoiunjob.org\/wp-content\/uploads\/2026\/02\/Cabinet-de-recrutement-Banque-Finance-Commerce-Ingenierie-12.png 2000w\" sizes=\"auto, (max-width: 706px) 89vw, (max-width: 767px) 82vw, 740px\" \/><\/figure><div class=\"wp-block-media-text__content\">\n<p><strong>\ud83d\udcc1 Pr\u00e9s\u00e9lection \/ Entretiens de recrutement<\/strong><br>Par t\u00e9l\u00e9phone ou en visio en fonction de votre demande.<\/p>\n<\/div><\/div>\n\n\n\n<div class=\"wp-block-media-text is-stacked-on-mobile\"><figure class=\"wp-block-media-text__media\"><img loading=\"lazy\" decoding=\"async\" width=\"1024\" height=\"614\" src=\"https:\/\/trouvemoiunjob.org\/wp-content\/uploads\/2026\/02\/Cabinet-de-recrutement-Banque-Finance-Commerce-Ingenierie-11-1024x614.png\" alt=\"Pr\u00e9sentation des candidats\" class=\"wp-image-7103 size-full\" srcset=\"https:\/\/trouvemoiunjob.org\/wp-content\/uploads\/2026\/02\/Cabinet-de-recrutement-Banque-Finance-Commerce-Ingenierie-11-1024x614.png 1024w, https:\/\/trouvemoiunjob.org\/wp-content\/uploads\/2026\/02\/Cabinet-de-recrutement-Banque-Finance-Commerce-Ingenierie-11-300x180.png 300w, https:\/\/trouvemoiunjob.org\/wp-content\/uploads\/2026\/02\/Cabinet-de-recrutement-Banque-Finance-Commerce-Ingenierie-11-768x461.png 768w, https:\/\/trouvemoiunjob.org\/wp-content\/uploads\/2026\/02\/Cabinet-de-recrutement-Banque-Finance-Commerce-Ingenierie-11-1536x922.png 1536w, https:\/\/trouvemoiunjob.org\/wp-content\/uploads\/2026\/02\/Cabinet-de-recrutement-Banque-Finance-Commerce-Ingenierie-11.png 2000w\" sizes=\"auto, (max-width: 706px) 89vw, (max-width: 767px) 82vw, 740px\" \/><\/figure><div class=\"wp-block-media-text__content\">\n<p><strong>\ud83d\udce2 Pr\u00e9sentation des candidats<\/strong><br>Envoi d&rsquo;une synth\u00e8se pr\u00e9cise sur les softs et hards skills des candidats.<\/p>\n<\/div><\/div>\n\n\n\n<hr class=\"wp-block-separator has-alpha-channel-opacity\"\/>\n\n\n<div class=\"wp-block-image\">\n<figure class=\"aligncenter size-full\"><img loading=\"lazy\" decoding=\"async\" width=\"728\" height=\"90\" src=\"https:\/\/trouvemoiunjob.org\/wp-content\/uploads\/2026\/02\/notre-entreprise-4.png\" alt=\"Notre cabinet de recrutement Trouve Moi un Job\" class=\"wp-image-7099\" srcset=\"https:\/\/trouvemoiunjob.org\/wp-content\/uploads\/2026\/02\/notre-entreprise-4.png 728w, https:\/\/trouvemoiunjob.org\/wp-content\/uploads\/2026\/02\/notre-entreprise-4-300x37.png 300w\" sizes=\"auto, (max-width: 728px) 100vw, 728px\" \/><\/figure>\n<\/div>\n\n\n<p class=\"has-text-align-center\">De nos jours, il n&rsquo;a jamais \u00e9t\u00e9 aussi important d&rsquo;investir dans la technologie pour optimiser le recrutement des entreprises. Trouve Moi un Job s\u2019adapte \u00e0 l\u2019\u00e8re du digital, ainsi qu&rsquo;aux besoins des clients et vous propose une offre \u00e9thique et transparente.<\/p>\n\n\n\n<div class=\"wp-block-media-text is-stacked-on-mobile\"><figure class=\"wp-block-media-text__media\"><img loading=\"lazy\" decoding=\"async\" width=\"1024\" height=\"614\" src=\"https:\/\/trouvemoiunjob.org\/wp-content\/uploads\/2026\/02\/Cabinet-de-recrutement-Banque-Finance-Commerce-Ingenierie-5-1024x614.png\" alt=\"\" class=\"wp-image-7062 size-full\" srcset=\"https:\/\/trouvemoiunjob.org\/wp-content\/uploads\/2026\/02\/Cabinet-de-recrutement-Banque-Finance-Commerce-Ingenierie-5-1024x614.png 1024w, https:\/\/trouvemoiunjob.org\/wp-content\/uploads\/2026\/02\/Cabinet-de-recrutement-Banque-Finance-Commerce-Ingenierie-5-300x180.png 300w, https:\/\/trouvemoiunjob.org\/wp-content\/uploads\/2026\/02\/Cabinet-de-recrutement-Banque-Finance-Commerce-Ingenierie-5-768x461.png 768w, https:\/\/trouvemoiunjob.org\/wp-content\/uploads\/2026\/02\/Cabinet-de-recrutement-Banque-Finance-Commerce-Ingenierie-5-1536x922.png 1536w, https:\/\/trouvemoiunjob.org\/wp-content\/uploads\/2026\/02\/Cabinet-de-recrutement-Banque-Finance-Commerce-Ingenierie-5.png 2000w\" sizes=\"auto, (max-width: 706px) 89vw, (max-width: 767px) 82vw, 740px\" \/><\/figure><div class=\"wp-block-media-text__content\">\n<p class=\"has-text-align-center\"><em>\u00catre proche des candidats, les conna\u00eetre,&nbsp;pour vous proposer les meilleures candidatures est notre engagement.<\/em><\/p>\n<\/div><\/div>\n\n\n<div class=\"wp-block-image\">\n<figure class=\"aligncenter size-large\"><img loading=\"lazy\" decoding=\"async\" width=\"1024\" height=\"614\" src=\"https:\/\/trouvemoiunjob.org\/wp-content\/uploads\/2026\/02\/Cabinet-de-recrutement-Banque-Finance-Commerce-Ingenierie-15-1024x614.png\" alt=\"\" class=\"wp-image-7120\" srcset=\"https:\/\/trouvemoiunjob.org\/wp-content\/uploads\/2026\/02\/Cabinet-de-recrutement-Banque-Finance-Commerce-Ingenierie-15-1024x614.png 1024w, https:\/\/trouvemoiunjob.org\/wp-content\/uploads\/2026\/02\/Cabinet-de-recrutement-Banque-Finance-Commerce-Ingenierie-15-300x180.png 300w, https:\/\/trouvemoiunjob.org\/wp-content\/uploads\/2026\/02\/Cabinet-de-recrutement-Banque-Finance-Commerce-Ingenierie-15-768x461.png 768w, https:\/\/trouvemoiunjob.org\/wp-content\/uploads\/2026\/02\/Cabinet-de-recrutement-Banque-Finance-Commerce-Ingenierie-15-1536x922.png 1536w, https:\/\/trouvemoiunjob.org\/wp-content\/uploads\/2026\/02\/Cabinet-de-recrutement-Banque-Finance-Commerce-Ingenierie-15.png 2000w\" sizes=\"auto, (max-width: 706px) 89vw, (max-width: 767px) 82vw, 740px\" \/><\/figure>\n<\/div>","protected":false},"excerpt":{"rendered":"<p>Echangez avec nous, demandez un devis et faites-nous partager vos besoins : contact@trouvemoiunjob.org06 38 19 23 28 \u00a0Chaque client est unique : nous modulons notre offre et travaillons pour votre r\u00e9ussite. \u270f\ufe0f D\u00e9finition du besoin en recrutementNous vous aidons \u00e0 d\u00e9finir clairement votre besoin en recrutement. \ud83d\udd0d&nbsp;&nbsp;SourcingUtilisation des job boards, des r\u00e9seaux sociaux, partenariats avec &hellip; <\/p>\n<p class=\"link-more\"><a href=\"https:\/\/trouvemoiunjob.org\/?page_id=4409\" class=\"more-link\">Continuer la lecture<span class=\"screen-reader-text\"> de &laquo;&nbsp;Vous recrutez ?&nbsp;&raquo;<\/span><\/a><\/p>\n","protected":false},"author":1,"featured_media":0,"parent":0,"menu_order":0,"comment_status":"closed","ping_status":"closed","template":"","meta":{"content-type":"","footnotes":""},"class_list":["post-4409","page","type-page","status-publish","hentry"],"_links":{"self":[{"href":"https:\/\/trouvemoiunjob.org\/index.php?rest_route=\/wp\/v2\/pages\/4409","targetHints":{"allow":["GET"]}}],"collection":[{"href":"https:\/\/trouvemoiunjob.org\/index.php?rest_route=\/wp\/v2\/pages"}],"about":[{"href":"https:\/\/trouvemoiunjob.org\/index.php?rest_route=\/wp\/v2\/types\/page"}],"author":[{"embeddable":true,"href":"https:\/\/trouvemoiunjob.org\/index.php?rest_route=\/wp\/v2\/users\/1"}],"replies":[{"embeddable":true,"href":"https:\/\/trouvemoiunjob.org\/index.php?rest_route=%2Fwp%2Fv2%2Fcomments&post=4409"}],"version-history":[{"count":157,"href":"https:\/\/trouvemoiunjob.org\/index.php?rest_route=\/wp\/v2\/pages\/4409\/revisions"}],"predecessor-version":[{"id":7181,"href":"https:\/\/trouvemoiunjob.org\/index.php?rest_route=\/wp\/v2\/pages\/4409\/revisions\/7181"}],"wp:attachment":[{"href":"https:\/\/trouvemoiunjob.org\/index.php?rest_route=%2Fwp%2Fv2%2Fmedia&parent=4409"}],"curies":[{"name":"wp","href":"https:\/\/api.w.org\/{rel}","templated":true}]}}